{"id":5197,"date":"2021-03-31T14:35:18","date_gmt":"2021-03-31T11:35:18","guid":{"rendered":"https:\/\/wb-sails.fi\/?page_id=5197"},"modified":"2021-04-12T08:52:02","modified_gmt":"2021-04-12T05:52:02","slug":"ocean","status":"publish","type":"page","link":"https:\/\/wb-sails.fi\/en\/cruising\/ocean\/","title":{"rendered":"Ocean"},"content":{"rendered":"<div data-elementor-type=\"wp-page\" data-elementor-id=\"5197\" class=\"elementor elementor-5197\">\n\t\t\t\t\t\t<section class=\"elementor-section elementor-top-section elementor-element elementor-element-738e4393 elementor-section-boxed elementor-section-height-default elementor-section-height-default\" data-id=\"738e4393\" data-element_type=\"section\" data-e-type=\"section\">\n\t\t\t\t\t\t<div class=\"elementor-container elementor-column-gap-default\">\n\t\t\t\t\t<div class=\"elementor-column elementor-col-100 elementor-top-column elementor-element elementor-element-4e01a446\" data-id=\"4e01a446\" data-element_type=\"column\" data-e-type=\"column\">\n\t\t\t<div class=\"elementor-widget-wrap elementor-element-populated\">\n\t\t\t\t\t\t<div class=\"elementor-element elementor-element-4a746824 elementor-widget elementor-widget-text-editor\" data-id=\"4a746824\" data-element_type=\"widget\" data-e-type=\"widget\" data-widget_type=\"text-editor.default\">\n\t\t\t\t<div class=\"elementor-widget-container\">\n\t\t\t\t\t\t\t\t\t\t\t\t\t\t\t\t\t<\/div>\n\t\t\t\t<\/div>\n\t\t\t\t\t<\/div>\n\t\t<\/div>\n\t\t\t\t\t<\/div>\n\t\t<\/section>\n\t\t\t\t<section class=\"elementor-section elementor-top-section elementor-element elementor-element-4968992a elementor-section-boxed elementor-section-height-default elementor-section-height-default\" data-id=\"4968992a\" data-element_type=\"section\" data-e-type=\"section\">\n\t\t\t\t\t\t<div class=\"elementor-container elementor-column-gap-default\">\n\t\t\t\t\t\t<\/div>\n\t\t<\/section>\n\t\t\t\t<section class=\"elementor-section elementor-top-section elementor-element elementor-element-e21acef elementor-section-boxed elementor-section-height-default elementor-section-height-default\" data-id=\"e21acef\" data-element_type=\"section\" data-e-type=\"section\">\n\t\t\t\t\t\t<div class=\"elementor-container elementor-column-gap-default\">\n\t\t\t\t\t<div class=\"elementor-column elementor-col-100 elementor-top-column elementor-element elementor-element-e3f1698\" data-id=\"e3f1698\" data-element_type=\"column\" data-e-type=\"column\">\n\t\t\t<div class=\"elementor-widget-wrap elementor-element-populated\">\n\t\t\t\t\t\t<div class=\"elementor-element elementor-element-d4689ba elementor-widget elementor-widget-text-editor\" data-id=\"d4689ba\" data-element_type=\"widget\" data-e-type=\"widget\" data-widget_type=\"text-editor.default\">\n\t\t\t\t<div class=\"elementor-widget-container\">\n\t\t\t\t\t\t\t\t\t<h3>Sails for ocean cruising<\/h1>\nIf you plan to sail across the Atlantic or around the world, you need sails designed and conceived for ocean passages. This means more robust engineering and no compromises in materials or implementation \u2013 in the middle of the ocean, sail repair shops are sparse and your diesel supply will not get you far should something occur. Also, there is no place to seek shelter in bad weather.\n\nWe have designed, engineered and cut sails for maxi boats racing around the world and for solo race skippers such as Harry Harkimo, Halvard Mabire or Eric Tabarly. The most famous Finnish circumnavigator Pertti Duncker&#8217;s trip took 6 years and he came back home safely with the original sails intact.\t\t\t\t\t\t\t\t<\/div>\n\t\t\t\t<\/div>\n\t\t\t\t\t<\/div>\n\t\t<\/div>\n\t\t\t\t\t<\/div>\n\t\t<\/section>\n\t\t\t\t<section class=\"elementor-section elementor-top-section elementor-element elementor-element-e5e0102 elementor-section-boxed elementor-section-height-default elementor-section-height-default\" data-id=\"e5e0102\" data-element_type=\"section\" data-e-type=\"section\">\n\t\t\t\t\t\t<div class=\"elementor-container elementor-column-gap-default\">\n\t\t\t\t\t<div class=\"elementor-column elementor-col-100 elementor-top-column elementor-element elementor-element-aa72bdc\" data-id=\"aa72bdc\" data-element_type=\"column\" data-e-type=\"column\">\n\t\t\t<div class=\"elementor-widget-wrap elementor-element-populated\">\n\t\t\t\t\t\t<section class=\"elementor-section elementor-inner-section elementor-element elementor-element-28fb90c elementor-section-boxed elementor-section-height-default elementor-section-height-default\" data-id=\"28fb90c\" data-element_type=\"section\" data-e-type=\"section\">\n\t\t\t\t\t\t<div class=\"elementor-container elementor-column-gap-default\">\n\t\t\t\t\t<div class=\"elementor-column elementor-col-50 elementor-inner-column elementor-element elementor-element-3ad5f72\" data-id=\"3ad5f72\" data-element_type=\"column\" data-e-type=\"column\">\n\t\t\t<div class=\"elementor-widget-wrap elementor-element-populated\">\n\t\t\t\t\t\t<div class=\"elementor-element elementor-element-06e50f1 elementor-widget elementor-widget-text-editor\" data-id=\"06e50f1\" data-element_type=\"widget\" data-e-type=\"widget\" data-widget_type=\"text-editor.default\">\n\t\t\t\t<div class=\"elementor-widget-container\">\n\t\t\t\t\t\t\t\t\t<p>We&#8217;ve also made the sails for many sailing ships, such as the schooners\u00a0<a title=\"Schooner Helena\" href=\"http:\/\/www.google.com\/search?q=Kuunari+Helena&amp;hl=fi&amp;client=safari&amp;rls=en&amp;prmd=imvns&amp;tbm=isch&amp;tbo=u&amp;source=univ&amp;sa=X&amp;ei=j3GOUKXoF-2O4gSzo4DADg&amp;ved=0CC8QsAQ&amp;biw=1516&amp;bih=926\" target=\"_blank\" rel=\"noopener\">Helena<\/a>,\u00a0<a title=\"Linden\" href=\"http:\/\/www.google.com\/search?q=kuunari+Linden&amp;hl=fi&amp;client=safari&amp;rls=en&amp;prmd=imvnso&amp;tbm=isch&amp;tbo=u&amp;source=univ&amp;sa=X&amp;ei=8nGOUNSlCpPE4gT_gYGwBw&amp;ved=0CCQQsAQ&amp;biw=1516&amp;bih=926\" target=\"_blank\" rel=\"noopener\">Linden<\/a>\u00a0or\u00a0<a title=\"Joanna Saturna\" href=\"http:\/\/www.joannasaturna.com\/kuvagalleria\" target=\"_blank\" rel=\"noopener\">Joanna Saturna<\/a>.<\/p>\n<p>For sails for cruising the oceans, look at our\u00a0<a title=\"High-Tech Cruising line\" href=\"https:\/\/wb-sails.fi\/en\/high-tech-racing\/\" target=\"_self\">High-Tech Cruising line<\/a>. If your boat is bigger, see our\u00a0<a title=\"Racing line\" href=\"https:\/\/wb-sails.fi\/en\/racing-line\/\" target=\"_self\">Racing line<\/a>\u00a0sails in Dyneema or membranes with taffeta.<\/p>\t\t\t\t\t\t\t\t<\/div>\n\t\t\t\t<\/div>\n\t\t\t\t\t<\/div>\n\t\t<\/div>\n\t\t\t\t<div class=\"elementor-column elementor-col-50 elementor-inner-column elementor-element elementor-element-30501c4\" data-id=\"30501c4\" data-element_type=\"column\" data-e-type=\"column\">\n\t\t\t<div class=\"elementor-widget-wrap elementor-element-populated\">\n\t\t\t\t\t\t<div class=\"elementor-element elementor-element-453b3e9 elementor-widget elementor-widget-image\" data-id=\"453b3e9\" data-element_type=\"widget\" data-e-type=\"widget\" data-widget_type=\"image.default\">\n\t\t\t\t<div class=\"elementor-widget-container\">\n\t\t\t\t\t\t\t\t\t\t\t\t\t\t\t<img data-recalc-dims=\"1\" fetchpriority=\"high\" decoding=\"async\" data-attachment-id=\"5200\" data-permalink=\"https:\/\/wb-sails.fi\/en\/cruising\/ocean\/ocean-sailing-belmont1-2\/\" data-orig-file=\"https:\/\/wb-sails.fi\/wp-content\/uploads\/2021\/03\/ocean-sailing-belmont1.jpg\" data-orig-size=\"480,246\" data-comments-opened=\"1\" data-image-meta=\"{&quot;aperture&quot;:&quot;0&quot;,&quot;credit&quot;:&quot;&quot;,&quot;camera&quot;:&quot;&quot;,&quot;caption&quot;:&quot;&quot;,&quot;created_timestamp&quot;:&quot;0&quot;,&quot;copyright&quot;:&quot;&quot;,&quot;focal_length&quot;:&quot;0&quot;,&quot;iso&quot;:&quot;0&quot;,&quot;shutter_speed&quot;:&quot;0&quot;,&quot;title&quot;:&quot;&quot;,&quot;orientation&quot;:&quot;0&quot;}\" data-image-title=\"ocean-sailing-belmont1\" data-image-description=\"\" data-image-caption=\"\" data-large-file=\"https:\/\/wb-sails.fi\/wp-content\/uploads\/2021\/03\/ocean-sailing-belmont1.jpg\" width=\"480\" height=\"246\" src=\"https:\/\/i0.wp.com\/wb-sails.fi\/wp-content\/uploads\/2021\/03\/ocean-sailing-belmont1.jpg?resize=480%2C246&#038;ssl=1\" class=\"attachment-large size-large wp-image-5200\" alt=\"\" srcset=\"https:\/\/i0.wp.com\/wb-sails.fi\/wp-content\/uploads\/2021\/03\/ocean-sailing-belmont1.jpg?w=480&amp;ssl=1 480w, https:\/\/i0.wp.com\/wb-sails.fi\/wp-content\/uploads\/2021\/03\/ocean-sailing-belmont1.jpg?resize=300%2C154&amp;ssl=1 300w\" sizes=\"(max-width: 480px) 100vw, 480px\" \/>\t\t\t\t\t\t\t\t\t\t\t\t\t\t\t<\/div>\n\t\t\t\t<\/div>\n\t\t\t\t\t<\/div>\n\t\t<\/div>\n\t\t\t\t\t<\/div>\n\t\t<\/section>\n\t\t\t\t<div class=\"elementor-element elementor-element-399e4ce elementor-widget elementor-widget-text-editor\" data-id=\"399e4ce\" data-element_type=\"widget\" data-e-type=\"widget\" data-widget_type=\"text-editor.default\">\n\t\t\t\t<div class=\"elementor-widget-container\">\n\t\t\t\t\t\t\t\t\t\t\t\t\t\t\t\t\t<\/div>\n\t\t\t\t<\/div>\n\t\t\t\t\t<\/div>\n\t\t<\/div>\n\t\t\t\t\t<\/div>\n\t\t<\/section>\n\t\t\t\t<section class=\"elementor-section elementor-top-section elementor-element elementor-element-d0fb7b3 elementor-section-boxed elementor-section-height-default elementor-section-height-default\" data-id=\"d0fb7b3\" data-element_type=\"section\" data-e-type=\"section\">\n\t\t\t\t\t\t<div class=\"elementor-container elementor-column-gap-default\">\n\t\t\t\t\t<div class=\"elementor-column elementor-col-33 elementor-top-column elementor-element elementor-element-119cd10\" data-id=\"119cd10\" data-element_type=\"column\" data-e-type=\"column\">\n\t\t\t<div class=\"elementor-widget-wrap elementor-element-populated\">\n\t\t\t\t\t\t<div class=\"elementor-element elementor-element-d93d2f0 elementor-widget elementor-widget-image\" data-id=\"d93d2f0\" data-element_type=\"widget\" data-e-type=\"widget\" data-widget_type=\"image.default\">\n\t\t\t\t<div class=\"elementor-widget-container\">\n\t\t\t\t\t\t\t\t\t\t\t\t\t\t\t<img data-recalc-dims=\"1\" decoding=\"async\" width=\"160\" height=\"156\" src=\"https:\/\/i0.wp.com\/wb-sails.fi\/wp-content\/uploads\/2021\/03\/ocean-sailing-duncker.jpg?resize=160%2C156&#038;ssl=1\" class=\"attachment-large size-large wp-image-3843\" alt=\"\" data-attachment-id=\"3843\" data-permalink=\"https:\/\/wb-sails.fi\/fi\/matkapurjeet-2\/valtameripurjehdus\/ocean-sailing-duncker\/\" data-orig-file=\"https:\/\/wb-sails.fi\/wp-content\/uploads\/2021\/03\/ocean-sailing-duncker.jpg\" data-orig-size=\"160,156\" data-comments-opened=\"1\" data-image-meta=\"{&quot;aperture&quot;:&quot;0&quot;,&quot;credit&quot;:&quot;&quot;,&quot;camera&quot;:&quot;&quot;,&quot;caption&quot;:&quot;&quot;,&quot;created_timestamp&quot;:&quot;0&quot;,&quot;copyright&quot;:&quot;&quot;,&quot;focal_length&quot;:&quot;0&quot;,&quot;iso&quot;:&quot;0&quot;,&quot;shutter_speed&quot;:&quot;0&quot;,&quot;title&quot;:&quot;&quot;,&quot;orientation&quot;:&quot;1&quot;}\" data-image-title=\"ocean-sailing-duncker\" data-image-description=\"\" data-image-caption=\"\" data-large-file=\"https:\/\/wb-sails.fi\/wp-content\/uploads\/2021\/03\/ocean-sailing-duncker.jpg\" \/>\t\t\t\t\t\t\t\t\t\t\t\t\t\t\t<\/div>\n\t\t\t\t<\/div>\n\t\t\t\t\t<\/div>\n\t\t<\/div>\n\t\t\t\t<div class=\"elementor-column elementor-col-66 elementor-top-column elementor-element elementor-element-48a27b1\" data-id=\"48a27b1\" data-element_type=\"column\" data-e-type=\"column\">\n\t\t\t<div class=\"elementor-widget-wrap elementor-element-populated\">\n\t\t\t\t\t\t<div class=\"elementor-element elementor-element-5aa7db9 elementor-widget elementor-widget-text-editor\" data-id=\"5aa7db9\" data-element_type=\"widget\" data-e-type=\"widget\" data-widget_type=\"text-editor.default\">\n\t\t\t\t<div class=\"elementor-widget-container\">\n\t\t\t\t\t\t\t\t\t<h3>Still going strong<\/h3>\n<p>Tunnetuin suomalainen maailmankiert\u00e4j\u00e4 Pertti Duncker palasi turvallisesti kotiin kuuden vuoden reissun j\u00e4lkeen ehjien ja k\u00e4ytt\u00f6kelpoisten purjeiden tuomina \u2013 h\u00e4nenkin seileiss\u00e4\u00e4n oli WB-merkki.<\/p>\t\t\t\t\t\t\t\t<\/div>\n\t\t\t\t<\/div>\n\t\t\t\t\t<\/div>\n\t\t<\/div>\n\t\t\t\t\t<\/div>\n\t\t<\/section>\n\t\t\t\t<section class=\"elementor-section elementor-top-section elementor-element elementor-element-5d897f8a elementor-section-boxed elementor-section-height-default elementor-section-height-default\" data-id=\"5d897f8a\" data-element_type=\"section\" data-e-type=\"section\">\n\t\t\t\t\t\t<div class=\"elementor-container elementor-column-gap-default\">\n\t\t\t\t\t<div class=\"elementor-column elementor-col-100 elementor-top-column elementor-element elementor-element-6bc1fdb5\" data-id=\"6bc1fdb5\" data-element_type=\"column\" data-e-type=\"column\">\n\t\t\t<div class=\"elementor-widget-wrap elementor-element-populated\">\n\t\t\t\t\t\t<div class=\"elementor-element elementor-element-33df6f2d elementor-widget-divider--view-line elementor-widget elementor-widget-divider\" data-id=\"33df6f2d\" data-element_type=\"widget\" data-e-type=\"widget\" data-widget_type=\"divider.default\">\n\t\t\t\t<div class=\"elementor-widget-container\">\n\t\t\t\t\t\t\t<div class=\"elementor-divider\">\n\t\t\t<span class=\"elementor-divider-separator\">\n\t\t\t\t\t\t<\/span>\n\t\t<\/div>\n\t\t\t\t\t\t<\/div>\n\t\t\t\t<\/div>\n\t\t\t\t<div class=\"elementor-element elementor-element-7fdf094f elementor-align-center elementor-widget elementor-widget-button\" data-id=\"7fdf094f\" data-element_type=\"widget\" data-e-type=\"widget\" data-widget_type=\"button.default\">\n\t\t\t\t<div class=\"elementor-widget-container\">\n\t\t\t\t\t\t\t\t\t<div class=\"elementor-button-wrapper\">\n\t\t\t\t\t<a class=\"elementor-button elementor-button-link elementor-size-sm\" href=\"https:\/\/wb-sails.fi\/en\/wb-sails-2\/offer-request\/\">\n\t\t\t\t\t\t<span class=\"elementor-button-content-wrapper\">\n\t\t\t\t\t\t\t\t\t<span class=\"elementor-button-text\">REQUEST AN OFFER<\/span>\n\t\t\t\t\t<\/span>\n\t\t\t\t\t<\/a>\n\t\t\t\t<\/div>\n\t\t\t\t\t\t\t\t<\/div>\n\t\t\t\t<\/div>\n\t\t\t\t\t<\/div>\n\t\t<\/div>\n\t\t\t\t\t<\/div>\n\t\t<\/section>\n\t\t\t\t<section class=\"elementor-section elementor-top-section elementor-element elementor-element-1035dc04 elementor-section-boxed elementor-section-height-default elementor-section-height-default\" data-id=\"1035dc04\" data-element_type=\"section\" data-e-type=\"section\">\n\t\t\t\t\t\t<div class=\"elementor-container elementor-column-gap-default\">\n\t\t\t\t\t<div class=\"elementor-column elementor-col-100 elementor-top-column elementor-element elementor-element-5c8500fb\" data-id=\"5c8500fb\" data-element_type=\"column\" data-e-type=\"column\">\n\t\t\t<div class=\"elementor-widget-wrap elementor-element-populated\">\n\t\t\t\t\t\t<div class=\"elementor-element elementor-element-36650bbe elementor-widget elementor-widget-spacer\" data-id=\"36650bbe\" data-element_type=\"widget\" data-e-type=\"widget\" data-widget_type=\"spacer.default\">\n\t\t\t\t<div class=\"elementor-widget-container\">\n\t\t\t\t\t\t\t<div class=\"elementor-spacer\">\n\t\t\t<div class=\"elementor-spacer-inner\"><\/div>\n\t\t<\/div>\n\t\t\t\t\t\t<\/div>\n\t\t\t\t<\/div>\n\t\t\t\t\t<\/div>\n\t\t<\/div>\n\t\t\t\t\t<\/div>\n\t\t<\/section>\n\t\t\t\t<\/div>","protected":false},"excerpt":{"rendered":"<p>Sails for ocean cruising If you plan to sail across the Atlantic or around the world, you need sails designed and conceived for ocean passages. This means more robust engineering and no compromises in materials or implementation \u2013 in the middle of the ocean, sail repair shops are sparse and your diesel supply will not&hellip;<\/p>","protected":false},"author":202052180,"featured_media":0,"parent":5164,"menu_order":0,"comment_status":"closed","ping_status":"closed","template":"","meta":{"_crdt_document":"","footnotes":""},"class_list":["post-5197","page","type-page","status-publish","hentry"],"yoast_head":"<!-- This site is optimized with the Yoast SEO plugin v27.6 - https:\/\/yoast.com\/product\/yoast-seo-wordpress\/ -->\n<title>Ocean - WB-Sails<\/title>\n<meta name=\"robots\" content=\"index, follow, max-snippet:-1, max-image-preview:large, max-video-preview:-1\" \/>\n<link rel=\"canonical\" href=\"https:\/\/wb-sails.fi\/en\/cruising\/ocean\/\" \/>\n<meta property=\"og:locale\" content=\"en_US\" \/>\n<meta property=\"og:type\" content=\"article\" \/>\n<meta property=\"og:title\" content=\"Ocean - WB-Sails\" \/>\n<meta property=\"og:description\" content=\"Sails for ocean cruising If you plan to sail across the Atlantic or around the world, you need sails designed and conceived for ocean passages. This means more robust engineering and no compromises in materials or implementation \u2013 in the middle of the ocean, sail repair shops are sparse and your diesel supply will not&hellip;\" \/>\n<meta property=\"og:url\" content=\"https:\/\/wb-sails.fi\/en\/cruising\/ocean\/\" \/>\n<meta property=\"og:site_name\" content=\"WB-Sails\" \/>\n<meta property=\"article:publisher\" content=\"https:\/\/www.facebook.com\/people\/WB-Sails\/100036964494506\/\" \/>\n<meta property=\"article:modified_time\" content=\"2021-04-12T05:52:02+00:00\" \/>\n<meta property=\"og:image\" content=\"https:\/\/wb-sails.fi\/wp-content\/uploads\/2021\/03\/ocean-sailing-belmont1.jpg\" \/>\n<meta name=\"twitter:card\" content=\"summary_large_image\" \/>\n<meta name=\"twitter:label1\" content=\"Est. reading time\" \/>\n\t<meta name=\"twitter:data1\" content=\"1 minute\" \/>\n<script type=\"application\/ld+json\" class=\"yoast-schema-graph\">{\"@context\":\"https:\\\/\\\/schema.org\",\"@graph\":[{\"@type\":\"WebPage\",\"@id\":\"https:\\\/\\\/wb-sails.fi\\\/en\\\/cruising\\\/ocean\\\/\",\"url\":\"https:\\\/\\\/wb-sails.fi\\\/en\\\/cruising\\\/ocean\\\/\",\"name\":\"Ocean - WB-Sails\",\"isPartOf\":{\"@id\":\"https:\\\/\\\/wb-sails.fi\\\/en\\\/#website\"},\"primaryImageOfPage\":{\"@id\":\"https:\\\/\\\/wb-sails.fi\\\/en\\\/cruising\\\/ocean\\\/#primaryimage\"},\"image\":{\"@id\":\"https:\\\/\\\/wb-sails.fi\\\/en\\\/cruising\\\/ocean\\\/#primaryimage\"},\"thumbnailUrl\":\"https:\\\/\\\/wb-sails.fi\\\/wp-content\\\/uploads\\\/2021\\\/03\\\/ocean-sailing-belmont1.jpg\",\"datePublished\":\"2021-03-31T11:35:18+00:00\",\"dateModified\":\"2021-04-12T05:52:02+00:00\",\"breadcrumb\":{\"@id\":\"https:\\\/\\\/wb-sails.fi\\\/en\\\/cruising\\\/ocean\\\/#breadcrumb\"},\"inLanguage\":\"en-US\",\"potentialAction\":[{\"@type\":\"ReadAction\",\"target\":[\"https:\\\/\\\/wb-sails.fi\\\/en\\\/cruising\\\/ocean\\\/\"]}]},{\"@type\":\"ImageObject\",\"inLanguage\":\"en-US\",\"@id\":\"https:\\\/\\\/wb-sails.fi\\\/en\\\/cruising\\\/ocean\\\/#primaryimage\",\"url\":\"https:\\\/\\\/wb-sails.fi\\\/wp-content\\\/uploads\\\/2021\\\/03\\\/ocean-sailing-belmont1.jpg\",\"contentUrl\":\"https:\\\/\\\/wb-sails.fi\\\/wp-content\\\/uploads\\\/2021\\\/03\\\/ocean-sailing-belmont1.jpg\"},{\"@type\":\"BreadcrumbList\",\"@id\":\"https:\\\/\\\/wb-sails.fi\\\/en\\\/cruising\\\/ocean\\\/#breadcrumb\",\"itemListElement\":[{\"@type\":\"ListItem\",\"position\":1,\"name\":\"Etusivu\",\"item\":\"https:\\\/\\\/wb-sails.fi\\\/en\\\/home\\\/\"},{\"@type\":\"ListItem\",\"position\":2,\"name\":\"Cruising\",\"item\":\"https:\\\/\\\/wb-sails.fi\\\/en\\\/cruising\\\/\"},{\"@type\":\"ListItem\",\"position\":3,\"name\":\"Ocean\"}]},{\"@type\":\"WebSite\",\"@id\":\"https:\\\/\\\/wb-sails.fi\\\/en\\\/#website\",\"url\":\"https:\\\/\\\/wb-sails.fi\\\/en\\\/\",\"name\":\"WB-Sails\",\"description\":\"Winning Boatspeed\",\"publisher\":{\"@id\":\"https:\\\/\\\/wb-sails.fi\\\/en\\\/#organization\"},\"potentialAction\":[{\"@type\":\"SearchAction\",\"target\":{\"@type\":\"EntryPoint\",\"urlTemplate\":\"https:\\\/\\\/wb-sails.fi\\\/en\\\/?s={search_term_string}\"},\"query-input\":{\"@type\":\"PropertyValueSpecification\",\"valueRequired\":true,\"valueName\":\"search_term_string\"}}],\"inLanguage\":\"en-US\"},{\"@type\":\"Organization\",\"@id\":\"https:\\\/\\\/wb-sails.fi\\\/en\\\/#organization\",\"name\":\"WB-Sails\",\"url\":\"https:\\\/\\\/wb-sails.fi\\\/en\\\/\",\"logo\":{\"@type\":\"ImageObject\",\"inLanguage\":\"en-US\",\"@id\":\"https:\\\/\\\/wb-sails.fi\\\/en\\\/#\\\/schema\\\/logo\\\/image\\\/\",\"url\":\"https:\\\/\\\/wb-sails.fi\\\/wp-content\\\/uploads\\\/2021\\\/03\\\/Logo-slogan-1-e1616072371630.png\",\"contentUrl\":\"https:\\\/\\\/wb-sails.fi\\\/wp-content\\\/uploads\\\/2021\\\/03\\\/Logo-slogan-1-e1616072371630.png\",\"width\":470,\"height\":114,\"caption\":\"WB-Sails\"},\"image\":{\"@id\":\"https:\\\/\\\/wb-sails.fi\\\/en\\\/#\\\/schema\\\/logo\\\/image\\\/\"},\"sameAs\":[\"https:\\\/\\\/www.facebook.com\\\/people\\\/WB-Sails\\\/100036964494506\\\/\",\"https:\\\/\\\/www.youtube.com\\\/user\\\/WBSAILS1\"]}]}<\/script>\n<!-- \/ Yoast SEO plugin. -->","yoast_head_json":{"title":"Ocean - WB-Sails","robots":{"index":"index","follow":"follow","max-snippet":"max-snippet:-1","max-image-preview":"max-image-preview:large","max-video-preview":"max-video-preview:-1"},"canonical":"https:\/\/wb-sails.fi\/en\/cruising\/ocean\/","og_locale":"en_US","og_type":"article","og_title":"Ocean - WB-Sails","og_description":"Sails for ocean cruising If you plan to sail across the Atlantic or around the world, you need sails designed and conceived for ocean passages. This means more robust engineering and no compromises in materials or implementation \u2013 in the middle of the ocean, sail repair shops are sparse and your diesel supply will not&hellip;","og_url":"https:\/\/wb-sails.fi\/en\/cruising\/ocean\/","og_site_name":"WB-Sails","article_publisher":"https:\/\/www.facebook.com\/people\/WB-Sails\/100036964494506\/","article_modified_time":"2021-04-12T05:52:02+00:00","og_image":[{"url":"https:\/\/wb-sails.fi\/wp-content\/uploads\/2021\/03\/ocean-sailing-belmont1.jpg","type":"","width":"","height":""}],"twitter_card":"summary_large_image","twitter_misc":{"Est. reading time":"1 minute"},"schema":{"@context":"https:\/\/schema.org","@graph":[{"@type":"WebPage","@id":"https:\/\/wb-sails.fi\/en\/cruising\/ocean\/","url":"https:\/\/wb-sails.fi\/en\/cruising\/ocean\/","name":"Ocean - WB-Sails","isPartOf":{"@id":"https:\/\/wb-sails.fi\/en\/#website"},"primaryImageOfPage":{"@id":"https:\/\/wb-sails.fi\/en\/cruising\/ocean\/#primaryimage"},"image":{"@id":"https:\/\/wb-sails.fi\/en\/cruising\/ocean\/#primaryimage"},"thumbnailUrl":"https:\/\/wb-sails.fi\/wp-content\/uploads\/2021\/03\/ocean-sailing-belmont1.jpg","datePublished":"2021-03-31T11:35:18+00:00","dateModified":"2021-04-12T05:52:02+00:00","breadcrumb":{"@id":"https:\/\/wb-sails.fi\/en\/cruising\/ocean\/#breadcrumb"},"inLanguage":"en-US","potentialAction":[{"@type":"ReadAction","target":["https:\/\/wb-sails.fi\/en\/cruising\/ocean\/"]}]},{"@type":"ImageObject","inLanguage":"en-US","@id":"https:\/\/wb-sails.fi\/en\/cruising\/ocean\/#primaryimage","url":"https:\/\/wb-sails.fi\/wp-content\/uploads\/2021\/03\/ocean-sailing-belmont1.jpg","contentUrl":"https:\/\/wb-sails.fi\/wp-content\/uploads\/2021\/03\/ocean-sailing-belmont1.jpg"},{"@type":"BreadcrumbList","@id":"https:\/\/wb-sails.fi\/en\/cruising\/ocean\/#breadcrumb","itemListElement":[{"@type":"ListItem","position":1,"name":"Etusivu","item":"https:\/\/wb-sails.fi\/en\/home\/"},{"@type":"ListItem","position":2,"name":"Cruising","item":"https:\/\/wb-sails.fi\/en\/cruising\/"},{"@type":"ListItem","position":3,"name":"Ocean"}]},{"@type":"WebSite","@id":"https:\/\/wb-sails.fi\/en\/#website","url":"https:\/\/wb-sails.fi\/en\/","name":"WB-Sails","description":"Winning Boatspeed","publisher":{"@id":"https:\/\/wb-sails.fi\/en\/#organization"},"potentialAction":[{"@type":"SearchAction","target":{"@type":"EntryPoint","urlTemplate":"https:\/\/wb-sails.fi\/en\/?s={search_term_string}"},"query-input":{"@type":"PropertyValueSpecification","valueRequired":true,"valueName":"search_term_string"}}],"inLanguage":"en-US"},{"@type":"Organization","@id":"https:\/\/wb-sails.fi\/en\/#organization","name":"WB-Sails","url":"https:\/\/wb-sails.fi\/en\/","logo":{"@type":"ImageObject","inLanguage":"en-US","@id":"https:\/\/wb-sails.fi\/en\/#\/schema\/logo\/image\/","url":"https:\/\/wb-sails.fi\/wp-content\/uploads\/2021\/03\/Logo-slogan-1-e1616072371630.png","contentUrl":"https:\/\/wb-sails.fi\/wp-content\/uploads\/2021\/03\/Logo-slogan-1-e1616072371630.png","width":470,"height":114,"caption":"WB-Sails"},"image":{"@id":"https:\/\/wb-sails.fi\/en\/#\/schema\/logo\/image\/"},"sameAs":["https:\/\/www.facebook.com\/people\/WB-Sails\/100036964494506\/","https:\/\/www.youtube.com\/user\/WBSAILS1"]}]}},"jetpack_likes_enabled":false,"jetpack_sharing_enabled":true,"jetpack_shortlink":"https:\/\/wp.me\/PcPWMs-1lP","_links":{"self":[{"href":"https:\/\/wb-sails.fi\/en\/wp-json\/wp\/v2\/pages\/5197","targetHints":{"allow":["GET"]}}],"collection":[{"href":"https:\/\/wb-sails.fi\/en\/wp-json\/wp\/v2\/pages"}],"about":[{"href":"https:\/\/wb-sails.fi\/en\/wp-json\/wp\/v2\/types\/page"}],"author":[{"embeddable":true,"href":"https:\/\/wb-sails.fi\/en\/wp-json\/wp\/v2\/users\/202052180"}],"replies":[{"embeddable":true,"href":"https:\/\/wb-sails.fi\/en\/wp-json\/wp\/v2\/comments?post=5197"}],"version-history":[{"count":11,"href":"https:\/\/wb-sails.fi\/en\/wp-json\/wp\/v2\/pages\/5197\/revisions"}],"predecessor-version":[{"id":5816,"href":"https:\/\/wb-sails.fi\/en\/wp-json\/wp\/v2\/pages\/5197\/revisions\/5816"}],"up":[{"embeddable":true,"href":"https:\/\/wb-sails.fi\/en\/wp-json\/wp\/v2\/pages\/5164"}],"wp:attachment":[{"href":"https:\/\/wb-sails.fi\/en\/wp-json\/wp\/v2\/media?parent=5197"}],"curies":[{"name":"wp","href":"https:\/\/api.w.org\/{rel}","templated":true}]}}